{"id":2587,"date":"2021-08-31T10:21:20","date_gmt":"2021-08-31T10:21:20","guid":{"rendered":"https:\/\/triflect.ch\/?page_id=2587"},"modified":"2022-07-04T18:10:06","modified_gmt":"2022-07-04T18:10:06","slug":"let-it-shine-challenge","status":"publish","type":"page","link":"https:\/\/triflect.ch\/en\/let-it-shine-challenge\/","title":{"rendered":"Let it shine! Challenge"},"content":{"rendered":"","protected":true},"excerpt":{"rendered":"","protected":true},"author":1,"featured_media":0,"parent":0,"menu_order":0,"comment_status":"closed","ping_status":"closed","template":"","meta":{"_et_pb_use_builder":"on","_et_pb_old_content":"","_et_gb_content_width":"","_monsterinsights_skip_tracking":false,"_monsterinsights_sitenote_active":false,"_monsterinsights_sitenote_note":"","_monsterinsights_sitenote_category":0,"_uf_show_specific_survey":0,"_uf_disable_surveys":false,"footnotes":""},"class_list":["post-2587","page","type-page","status-publish","post-password-required","hentry"],"yoast_head":"<!-- This site is optimized with the Yoast SEO plugin v27.4 - https:\/\/yoast.com\/product\/yoast-seo-wordpress\/ -->\n<title>Triflect GmbH | Z\u00fcrich<\/title>\n<meta name=\"description\" content=\"Finden Sie zur\u00fcck zu innerer St\u00e4rke, Klarheit &amp; Intuition! Ihre Haltung und Ihr Tun machen einen Unterschied! Starten Sie jetzt mit der 21 Tage Challenge!\" \/>\n<meta name=\"robots\" content=\"index, follow, max-snippet:-1, max-image-preview:large, max-video-preview:-1\" \/>\n<link rel=\"canonical\" href=\"https:\/\/triflect.ch\/en\/let-it-shine-challenge\/\" \/>\n<meta property=\"og:locale\" content=\"en_GB\" \/>\n<meta property=\"og:type\" content=\"article\" \/>\n<meta property=\"og:title\" content=\"Triflect GmbH | Z\u00fcrich\" \/>\n<meta property=\"og:description\" content=\"Finden Sie zur\u00fcck zu innerer St\u00e4rke, Klarheit &amp; Intuition! Ihre Haltung und Ihr Tun machen einen Unterschied! Starten Sie jetzt mit der 21 Tage Challenge!\" \/>\n<meta property=\"og:url\" content=\"https:\/\/triflect.ch\/en\/let-it-shine-challenge\/\" \/>\n<meta property=\"og:site_name\" content=\"Triflect GmbH\" \/>\n<meta property=\"article:publisher\" content=\"https:\/\/www.facebook.com\/petersencoaching\" \/>\n<meta property=\"article:modified_time\" content=\"2022-07-04T18:10:06+00:00\" \/>\n<meta name=\"twitter:card\" content=\"summary_large_image\" \/>\n<meta name=\"twitter:label1\" content=\"Estimated reading time\" \/>\n\t<meta name=\"twitter:data1\" content=\"5 minutes\" \/>\n<script type=\"application\/ld+json\" class=\"yoast-schema-graph\">{\"@context\":\"https:\\\/\\\/schema.org\",\"@graph\":[{\"@type\":\"WebPage\",\"@id\":\"https:\\\/\\\/triflect.ch\\\/let-it-shine-challenge\\\/\",\"url\":\"https:\\\/\\\/triflect.ch\\\/let-it-shine-challenge\\\/\",\"name\":\"Triflect GmbH | Z\u00fcrich\",\"isPartOf\":{\"@id\":\"https:\\\/\\\/triflect.ch\\\/#website\"},\"datePublished\":\"2021-08-31T10:21:20+00:00\",\"dateModified\":\"2022-07-04T18:10:06+00:00\",\"breadcrumb\":{\"@id\":\"https:\\\/\\\/triflect.ch\\\/let-it-shine-challenge\\\/#breadcrumb\"},\"inLanguage\":\"en-GB\"},{\"@type\":\"WebSite\",\"@id\":\"https:\\\/\\\/triflect.ch\\\/#website\",\"url\":\"https:\\\/\\\/triflect.ch\\\/\",\"name\":\"Triflect GmbH\",\"description\":\"Triflect - Transformative Training, Coaching &amp; Consulting\",\"publisher\":{\"@id\":\"https:\\\/\\\/triflect.ch\\\/#organization\"},\"potentialAction\":[{\"@type\":\"SearchAction\",\"target\":{\"@type\":\"EntryPoint\",\"urlTemplate\":\"https:\\\/\\\/triflect.ch\\\/?s={search_term_string}\"},\"query-input\":{\"@type\":\"PropertyValueSpecification\",\"valueRequired\":true,\"valueName\":\"search_term_string\"}}],\"inLanguage\":\"en-GB\"},{\"@type\":\"Organization\",\"@id\":\"https:\\\/\\\/triflect.ch\\\/#organization\",\"name\":\"Triflect GmbH I Petersen Coaching Z\u00fcrich\",\"url\":\"https:\\\/\\\/triflect.ch\\\/\",\"logo\":{\"@type\":\"ImageObject\",\"inLanguage\":\"en-GB\",\"@id\":\"https:\\\/\\\/triflect.ch\\\/#\\\/schema\\\/logo\\\/image\\\/\",\"url\":\"https:\\\/\\\/triflect.ch\\\/wp-content\\\/uploads\\\/2020\\\/07\\\/Logo.jpg\",\"contentUrl\":\"https:\\\/\\\/triflect.ch\\\/wp-content\\\/uploads\\\/2020\\\/07\\\/Logo.jpg\",\"width\":260,\"height\":248,\"caption\":\"Triflect GmbH I Petersen Coaching Z\u00fcrich\"},\"image\":{\"@id\":\"https:\\\/\\\/triflect.ch\\\/#\\\/schema\\\/logo\\\/image\\\/\"},\"sameAs\":[\"https:\\\/\\\/www.facebook.com\\\/petersencoaching\",\"https:\\\/\\\/www.instagram.com\\\/triflectpetersencoaching\\\/\",\"https:\\\/\\\/www.linkedin.com\\\/in\\\/rebecca-petersen-56aba410b\\\/\"]}]}<\/script>\n<!-- \/ Yoast SEO plugin. -->","yoast_head_json":{"title":"Triflect GmbH | Z\u00fcrich","description":"Finden Sie zur\u00fcck zu innerer St\u00e4rke, Klarheit & Intuition! Ihre Haltung und Ihr Tun machen einen Unterschied! Starten Sie jetzt mit der 21 Tage Challenge!","robots":{"index":"index","follow":"follow","max-snippet":"max-snippet:-1","max-image-preview":"max-image-preview:large","max-video-preview":"max-video-preview:-1"},"canonical":"https:\/\/triflect.ch\/en\/let-it-shine-challenge\/","og_locale":"en_GB","og_type":"article","og_title":"Triflect GmbH | Z\u00fcrich","og_description":"Finden Sie zur\u00fcck zu innerer St\u00e4rke, Klarheit & Intuition! Ihre Haltung und Ihr Tun machen einen Unterschied! Starten Sie jetzt mit der 21 Tage Challenge!","og_url":"https:\/\/triflect.ch\/en\/let-it-shine-challenge\/","og_site_name":"Triflect GmbH","article_publisher":"https:\/\/www.facebook.com\/petersencoaching","article_modified_time":"2022-07-04T18:10:06+00:00","twitter_card":"summary_large_image","twitter_misc":{"Estimated reading time":"5 minutes"},"schema":{"@context":"https:\/\/schema.org","@graph":[{"@type":"WebPage","@id":"https:\/\/triflect.ch\/let-it-shine-challenge\/","url":"https:\/\/triflect.ch\/let-it-shine-challenge\/","name":"Triflect GmbH | Z\u00fcrich","isPartOf":{"@id":"https:\/\/triflect.ch\/#website"},"datePublished":"2021-08-31T10:21:20+00:00","dateModified":"2022-07-04T18:10:06+00:00","breadcrumb":{"@id":"https:\/\/triflect.ch\/let-it-shine-challenge\/#breadcrumb"},"inLanguage":"en-GB"},{"@type":"WebSite","@id":"https:\/\/triflect.ch\/#website","url":"https:\/\/triflect.ch\/","name":"Triflect GmbH","description":"Triflect - Transformative Training, Coaching &amp; Consulting","publisher":{"@id":"https:\/\/triflect.ch\/#organization"},"potentialAction":[{"@type":"SearchAction","target":{"@type":"EntryPoint","urlTemplate":"https:\/\/triflect.ch\/?s={search_term_string}"},"query-input":{"@type":"PropertyValueSpecification","valueRequired":true,"valueName":"search_term_string"}}],"inLanguage":"en-GB"},{"@type":"Organization","@id":"https:\/\/triflect.ch\/#organization","name":"Triflect GmbH I Petersen Coaching Z\u00fcrich","url":"https:\/\/triflect.ch\/","logo":{"@type":"ImageObject","inLanguage":"en-GB","@id":"https:\/\/triflect.ch\/#\/schema\/logo\/image\/","url":"https:\/\/triflect.ch\/wp-content\/uploads\/2020\/07\/Logo.jpg","contentUrl":"https:\/\/triflect.ch\/wp-content\/uploads\/2020\/07\/Logo.jpg","width":260,"height":248,"caption":"Triflect GmbH I Petersen Coaching Z\u00fcrich"},"image":{"@id":"https:\/\/triflect.ch\/#\/schema\/logo\/image\/"},"sameAs":["https:\/\/www.facebook.com\/petersencoaching","https:\/\/www.instagram.com\/triflectpetersencoaching\/","https:\/\/www.linkedin.com\/in\/rebecca-petersen-56aba410b\/"]}]}},"jetpack_sharing_enabled":true,"_links":{"self":[{"href":"https:\/\/triflect.ch\/en\/wp-json\/wp\/v2\/pages\/2587","targetHints":{"allow":["GET"]}}],"collection":[{"href":"https:\/\/triflect.ch\/en\/wp-json\/wp\/v2\/pages"}],"about":[{"href":"https:\/\/triflect.ch\/en\/wp-json\/wp\/v2\/types\/page"}],"author":[{"embeddable":true,"href":"https:\/\/triflect.ch\/en\/wp-json\/wp\/v2\/users\/1"}],"replies":[{"embeddable":true,"href":"https:\/\/triflect.ch\/en\/wp-json\/wp\/v2\/comments?post=2587"}],"version-history":[{"count":7,"href":"https:\/\/triflect.ch\/en\/wp-json\/wp\/v2\/pages\/2587\/revisions"}],"predecessor-version":[{"id":3090,"href":"https:\/\/triflect.ch\/en\/wp-json\/wp\/v2\/pages\/2587\/revisions\/3090"}],"wp:attachment":[{"href":"https:\/\/triflect.ch\/en\/wp-json\/wp\/v2\/media?parent=2587"}],"curies":[{"name":"wp","href":"https:\/\/api.w.org\/{rel}","templated":true}]}}