{"id":4163,"date":"2023-10-08T05:25:42","date_gmt":"2023-10-08T05:25:42","guid":{"rendered":"https:\/\/triflect.ch\/?post_type=product&#038;p=4163"},"modified":"2025-09-05T05:36:05","modified_gmt":"2025-09-05T05:36:05","slug":"tsunami-im-kopf-burnout-besser-verstehen-und-bewaeltigen-buch","status":"publish","type":"product","link":"https:\/\/triflect.ch\/en\/product\/tsunami-im-kopf-burnout-besser-verstehen-und-bewaeltigen-buch\/","title":{"rendered":"Tsunami im Kopf &#8211; Burnout besser verstehen und bew\u00e4ltigen (Springer)"},"content":{"rendered":"<p>Die Burnout-Erkrankung ist, insbesondere im Schulwesen, nach wie vor ein aktuelles und gesellschaftsrelevantes Thema, \u00fcber das kaum gesprochen wird. Es ist, je nachdem mit viel Scham- und Schuldgef\u00fchlen behaftet. Jeder hat ein eigenes Bild von einer Burnout-Erkrankung &#8211; doch entspricht dieses tats\u00e4chlich der Wirklichkeit? Und wenn ja, warum trifft es dann so viele Menschen scheinbar unbemerkt?<br \/>\nDiesen Umstand m\u00f6chte die Autorin mit ihrem Buch und den darin enthaltenen Zug\u00e4ngen f\u00fcr Organisationen, Teams, F\u00fchrungskr\u00e4fte, BeraterInnen, aber auch Betroffene und deren Familien und Freunde \u00e4ndern und eine neue Sensibilit\u00e4t f\u00fcr gesellschaftliche Verantwortung schaffen. Sie baut damit eine Br\u00fccke zu einer neuen Sicht auf Resilienz und Gesundheit und liefert dadurch einen aktiven Beitrag zur Pr\u00e4vention und Aufkl\u00e4rung. Ihr Buch schafft Zugang und Leichtigkeit f\u00fcr ein ernstzunehmendes Thema und erm\u00f6glicht dadurch einen offenen, gesunden Umgang mit einer vielschichtigen, heimt\u00fcckischen und lebensver\u00e4ndernden Erkrankung.<\/p>\n<p>Die Autorin<\/p>\n<p>Rebecca Petersen arbeitet seit mehreren Jahren als F\u00fchrungskraft im sonderp\u00e4dagogischen Bereich und ist als ausgebildete psychologische Beraterin, systemischer Coach, Supervisorin und Organisationsberaterin BSO sowie als Lehrende Transaktionsanalytikerin unter Supervision (PTSTA-C) selbst\u00e4ndig t\u00e4tig. Trotz ihres breiten Fachwissens aus Beratung und Coaching erkrankte die Schulleiterin an einem Burnout und war f\u00fcr mehrere Monate au\u00dfer Gefecht gesetzt und arbeitsunf\u00e4hig. &#8212; Dieser Text bezieht sich auf eine andere Ausgabe: paperback.<\/p>\n<span class=\"et_bloom_bottom_trigger\"><\/span>","protected":false},"excerpt":{"rendered":"<p>Dieses Buch ist bereits zur Vorbestellung erh\u00e4ltlich. Sie k\u00f6nnen dieses als Ebook oder Print kaufen. In diesem Online-Shop erhalten Sie lediglich kostenlos die Beschreibung als PDF.<br \/>\nHier der entsprechende Link f\u00fcr die Bestellung bei Orell F\u00fcssli: <a href=\"https:\/\/www.orellfuessli.ch\/shop\/home\/artikeldetails\/A1069478539?ProvID=15323994&amp;gad_source=1&amp;gad_campaignid=17336376195&amp;gbraid=0AAAAADpVXc5g3gjJ-rdN6jWDCEDVWu6xK&amp;gclid=Cj0KCQjw8eTFBhCXARIsAIkiuOxg83LXEzVC0i6pm-UbZscXr9ArOHw8G9bSbJ5j3jwFg3PzQ6P4_KQaAvcIEALw_wcB\">Information-Kauf-Vorbestellung<\/a><\/p>","protected":false},"featured_media":5242,"comment_status":"open","ping_status":"closed","template":"","meta":{"_et_pb_use_builder":"","_et_pb_old_content":"","_et_gb_content_width":"","_monsterinsights_skip_tracking":false,"_monsterinsights_sitenote_active":false,"_monsterinsights_sitenote_note":"","_monsterinsights_sitenote_category":0,"_uf_show_specific_survey":0,"_uf_disable_surveys":false},"product_brand":[],"product_cat":[45,43],"product_tag":[],"class_list":{"0":"post-4163","1":"product","2":"type-product","3":"status-publish","4":"has-post-thumbnail","6":"product_cat-gesundheit-resilienz","7":"product_cat-transaktionsanalyse","9":"first","10":"instock","11":"downloadable","12":"virtual","13":"taxable","14":"purchasable","15":"product-type-simple"},"yoast_head":"<!-- This site is optimized with the Yoast SEO plugin v27.5 - https:\/\/yoast.com\/product\/yoast-seo-wordpress\/ -->\n<title>Tsunami im Kopf - Burnout besser verstehen und bew\u00e4ltigen (Springer) | Triflect GmbH<\/title>\n<meta name=\"description\" content=\"Die Burnout-Erkrankung ist, insbesondere im Schulwesen, nach wie vor ein aktuelles und gesellschaftsrelevantes Thema, \u00fcber das kaum gesprochen wird. Es ist, je nachdem mit viel Scham- und Schuldgef\u00fchlen behaftet. Jeder hat ein eigenes Bild von einer Burnout-Erkrankung - doch entspricht dieses tats\u00e4chlich der Wirklichkeit? Und wenn ja, warum trifft es dann so viele Menschen scheinbar unbemerkt? Diesen Umstand m\u00f6chte die Autorin mit ihrem Buch und den darin enthaltenen Zug\u00e4ngen f\u00fcr Organisationen, Teams, F\u00fchrungskr\u00e4fte, BeraterInnen, aber auch Betroffene und deren Familien und Freunde \u00e4ndern und eine neue Sensibilit\u00e4t f\u00fcr gesellschaftliche Verantwortung schaffen.\" \/>\n<meta name=\"robots\" content=\"index, follow, max-snippet:-1, max-image-preview:large, max-video-preview:-1\" \/>\n<link rel=\"canonical\" href=\"https:\/\/triflect.ch\/en\/product\/tsunami-im-kopf-burnout-besser-verstehen-und-bewaeltigen-buch\/\" \/>\n<meta property=\"og:locale\" content=\"en_GB\" \/>\n<meta property=\"og:type\" content=\"article\" \/>\n<meta property=\"og:title\" content=\"Tsunami im Kopf - Burnout besser verstehen und bew\u00e4ltigen (Springer) | Triflect GmbH\" \/>\n<meta property=\"og:description\" content=\"Die Burnout-Erkrankung ist, insbesondere im Schulwesen, nach wie vor ein aktuelles und gesellschaftsrelevantes Thema, \u00fcber das kaum gesprochen wird. Es ist, je nachdem mit viel Scham- und Schuldgef\u00fchlen behaftet. Jeder hat ein eigenes Bild von einer Burnout-Erkrankung - doch entspricht dieses tats\u00e4chlich der Wirklichkeit? Und wenn ja, warum trifft es dann so viele Menschen scheinbar unbemerkt? Diesen Umstand m\u00f6chte die Autorin mit ihrem Buch und den darin enthaltenen Zug\u00e4ngen f\u00fcr Organisationen, Teams, F\u00fchrungskr\u00e4fte, BeraterInnen, aber auch Betroffene und deren Familien und Freunde \u00e4ndern und eine neue Sensibilit\u00e4t f\u00fcr gesellschaftliche Verantwortung schaffen.\" \/>\n<meta property=\"og:url\" content=\"https:\/\/triflect.ch\/en\/product\/tsunami-im-kopf-burnout-besser-verstehen-und-bewaeltigen-buch\/\" \/>\n<meta property=\"og:site_name\" content=\"Triflect GmbH\" \/>\n<meta property=\"article:publisher\" content=\"https:\/\/www.facebook.com\/petersencoaching\" \/>\n<meta property=\"article:modified_time\" content=\"2025-09-05T05:36:05+00:00\" \/>\n<meta property=\"og:image\" content=\"https:\/\/triflect.ch\/wp-content\/uploads\/2025\/09\/Tsunami-im-Kopf_Rebecca-Petersen_Springer_Cover.jpeg\" \/>\n\t<meta property=\"og:image:width\" content=\"811\" \/>\n\t<meta property=\"og:image:height\" content=\"863\" \/>\n\t<meta property=\"og:image:type\" content=\"image\/jpeg\" \/>\n<meta name=\"twitter:card\" content=\"summary_large_image\" \/>\n<meta name=\"twitter:label1\" content=\"Estimated reading time\" \/>\n\t<meta name=\"twitter:data1\" content=\"2 minutes\" \/>\n<script type=\"application\/ld+json\" class=\"yoast-schema-graph\">{\"@context\":\"https:\\\/\\\/schema.org\",\"@graph\":[{\"@type\":\"WebPage\",\"@id\":\"https:\\\/\\\/triflect.ch\\\/product\\\/tsunami-im-kopf-burnout-besser-verstehen-und-bewaeltigen-buch\\\/\",\"url\":\"https:\\\/\\\/triflect.ch\\\/product\\\/tsunami-im-kopf-burnout-besser-verstehen-und-bewaeltigen-buch\\\/\",\"name\":\"Tsunami im Kopf - Burnout besser verstehen und bew\u00e4ltigen (Springer) | Triflect GmbH\",\"isPartOf\":{\"@id\":\"https:\\\/\\\/triflect.ch\\\/#website\"},\"primaryImageOfPage\":{\"@id\":\"https:\\\/\\\/triflect.ch\\\/product\\\/tsunami-im-kopf-burnout-besser-verstehen-und-bewaeltigen-buch\\\/#primaryimage\"},\"image\":{\"@id\":\"https:\\\/\\\/triflect.ch\\\/product\\\/tsunami-im-kopf-burnout-besser-verstehen-und-bewaeltigen-buch\\\/#primaryimage\"},\"thumbnailUrl\":\"https:\\\/\\\/triflect.ch\\\/wp-content\\\/uploads\\\/2025\\\/09\\\/Tsunami-im-Kopf_Rebecca-Petersen_Springer_Cover.jpeg\",\"datePublished\":\"2023-10-08T05:25:42+00:00\",\"dateModified\":\"2025-09-05T05:36:05+00:00\",\"description\":\"Die Burnout-Erkrankung ist, insbesondere im Schulwesen, nach wie vor ein aktuelles und gesellschaftsrelevantes Thema, \u00fcber das kaum gesprochen wird. Es ist, je nachdem mit viel Scham- und Schuldgef\u00fchlen behaftet. Jeder hat ein eigenes Bild von einer Burnout-Erkrankung - doch entspricht dieses tats\u00e4chlich der Wirklichkeit? Und wenn ja, warum trifft es dann so viele Menschen scheinbar unbemerkt? Diesen Umstand m\u00f6chte die Autorin mit ihrem Buch und den darin enthaltenen Zug\u00e4ngen f\u00fcr Organisationen, Teams, F\u00fchrungskr\u00e4fte, BeraterInnen, aber auch Betroffene und deren Familien und Freunde \u00e4ndern und eine neue Sensibilit\u00e4t f\u00fcr gesellschaftliche Verantwortung schaffen.\",\"breadcrumb\":{\"@id\":\"https:\\\/\\\/triflect.ch\\\/product\\\/tsunami-im-kopf-burnout-besser-verstehen-und-bewaeltigen-buch\\\/#breadcrumb\"},\"inLanguage\":\"en-GB\",\"potentialAction\":[{\"@type\":\"ReadAction\",\"target\":[\"https:\\\/\\\/triflect.ch\\\/product\\\/tsunami-im-kopf-burnout-besser-verstehen-und-bewaeltigen-buch\\\/\"]}]},{\"@type\":\"ImageObject\",\"inLanguage\":\"en-GB\",\"@id\":\"https:\\\/\\\/triflect.ch\\\/product\\\/tsunami-im-kopf-burnout-besser-verstehen-und-bewaeltigen-buch\\\/#primaryimage\",\"url\":\"https:\\\/\\\/triflect.ch\\\/wp-content\\\/uploads\\\/2025\\\/09\\\/Tsunami-im-Kopf_Rebecca-Petersen_Springer_Cover.jpeg\",\"contentUrl\":\"https:\\\/\\\/triflect.ch\\\/wp-content\\\/uploads\\\/2025\\\/09\\\/Tsunami-im-Kopf_Rebecca-Petersen_Springer_Cover.jpeg\",\"width\":811,\"height\":863},{\"@type\":\"BreadcrumbList\",\"@id\":\"https:\\\/\\\/triflect.ch\\\/product\\\/tsunami-im-kopf-burnout-besser-verstehen-und-bewaeltigen-buch\\\/#breadcrumb\",\"itemListElement\":[{\"@type\":\"ListItem\",\"position\":1,\"name\":\"Home\",\"item\":\"https:\\\/\\\/triflect.ch\\\/\"},{\"@type\":\"ListItem\",\"position\":2,\"name\":\"Shop\",\"item\":\"https:\\\/\\\/triflect.ch\\\/shop\\\/\"},{\"@type\":\"ListItem\",\"position\":3,\"name\":\"Tsunami im Kopf &#8211; Burnout besser verstehen und bew\u00e4ltigen (Springer)\"}]},{\"@type\":\"WebSite\",\"@id\":\"https:\\\/\\\/triflect.ch\\\/#website\",\"url\":\"https:\\\/\\\/triflect.ch\\\/\",\"name\":\"Triflect GmbH\",\"description\":\"Triflect - Transformative Training, Coaching &amp; Consulting\",\"publisher\":{\"@id\":\"https:\\\/\\\/triflect.ch\\\/#organization\"},\"potentialAction\":[{\"@type\":\"SearchAction\",\"target\":{\"@type\":\"EntryPoint\",\"urlTemplate\":\"https:\\\/\\\/triflect.ch\\\/?s={search_term_string}\"},\"query-input\":{\"@type\":\"PropertyValueSpecification\",\"valueRequired\":true,\"valueName\":\"search_term_string\"}}],\"inLanguage\":\"en-GB\"},{\"@type\":\"Organization\",\"@id\":\"https:\\\/\\\/triflect.ch\\\/#organization\",\"name\":\"Triflect GmbH I Petersen Coaching Z\u00fcrich\",\"url\":\"https:\\\/\\\/triflect.ch\\\/\",\"logo\":{\"@type\":\"ImageObject\",\"inLanguage\":\"en-GB\",\"@id\":\"https:\\\/\\\/triflect.ch\\\/#\\\/schema\\\/logo\\\/image\\\/\",\"url\":\"https:\\\/\\\/triflect.ch\\\/wp-content\\\/uploads\\\/2020\\\/07\\\/Logo.jpg\",\"contentUrl\":\"https:\\\/\\\/triflect.ch\\\/wp-content\\\/uploads\\\/2020\\\/07\\\/Logo.jpg\",\"width\":260,\"height\":248,\"caption\":\"Triflect GmbH I Petersen Coaching Z\u00fcrich\"},\"image\":{\"@id\":\"https:\\\/\\\/triflect.ch\\\/#\\\/schema\\\/logo\\\/image\\\/\"},\"sameAs\":[\"https:\\\/\\\/www.facebook.com\\\/petersencoaching\",\"https:\\\/\\\/www.instagram.com\\\/triflectpetersencoaching\\\/\",\"https:\\\/\\\/www.linkedin.com\\\/in\\\/rebecca-petersen-56aba410b\\\/\"]}]}<\/script>\n<!-- \/ Yoast SEO plugin. -->","yoast_head_json":{"title":"Tsunami im Kopf - Burnout besser verstehen und bew\u00e4ltigen (Springer) | Triflect GmbH","description":"Die Burnout-Erkrankung ist, insbesondere im Schulwesen, nach wie vor ein aktuelles und gesellschaftsrelevantes Thema, \u00fcber das kaum gesprochen wird. Es ist, je nachdem mit viel Scham- und Schuldgef\u00fchlen behaftet. Jeder hat ein eigenes Bild von einer Burnout-Erkrankung - doch entspricht dieses tats\u00e4chlich der Wirklichkeit? Und wenn ja, warum trifft es dann so viele Menschen scheinbar unbemerkt? Diesen Umstand m\u00f6chte die Autorin mit ihrem Buch und den darin enthaltenen Zug\u00e4ngen f\u00fcr Organisationen, Teams, F\u00fchrungskr\u00e4fte, BeraterInnen, aber auch Betroffene und deren Familien und Freunde \u00e4ndern und eine neue Sensibilit\u00e4t f\u00fcr gesellschaftliche Verantwortung schaffen.","robots":{"index":"index","follow":"follow","max-snippet":"max-snippet:-1","max-image-preview":"max-image-preview:large","max-video-preview":"max-video-preview:-1"},"canonical":"https:\/\/triflect.ch\/en\/product\/tsunami-im-kopf-burnout-besser-verstehen-und-bewaeltigen-buch\/","og_locale":"en_GB","og_type":"article","og_title":"Tsunami im Kopf - Burnout besser verstehen und bew\u00e4ltigen (Springer) | Triflect GmbH","og_description":"Die Burnout-Erkrankung ist, insbesondere im Schulwesen, nach wie vor ein aktuelles und gesellschaftsrelevantes Thema, \u00fcber das kaum gesprochen wird. Es ist, je nachdem mit viel Scham- und Schuldgef\u00fchlen behaftet. Jeder hat ein eigenes Bild von einer Burnout-Erkrankung - doch entspricht dieses tats\u00e4chlich der Wirklichkeit? Und wenn ja, warum trifft es dann so viele Menschen scheinbar unbemerkt? Diesen Umstand m\u00f6chte die Autorin mit ihrem Buch und den darin enthaltenen Zug\u00e4ngen f\u00fcr Organisationen, Teams, F\u00fchrungskr\u00e4fte, BeraterInnen, aber auch Betroffene und deren Familien und Freunde \u00e4ndern und eine neue Sensibilit\u00e4t f\u00fcr gesellschaftliche Verantwortung schaffen.","og_url":"https:\/\/triflect.ch\/en\/product\/tsunami-im-kopf-burnout-besser-verstehen-und-bewaeltigen-buch\/","og_site_name":"Triflect GmbH","article_publisher":"https:\/\/www.facebook.com\/petersencoaching","article_modified_time":"2025-09-05T05:36:05+00:00","og_image":[{"width":811,"height":863,"url":"https:\/\/triflect.ch\/wp-content\/uploads\/2025\/09\/Tsunami-im-Kopf_Rebecca-Petersen_Springer_Cover.jpeg","type":"image\/jpeg"}],"twitter_card":"summary_large_image","twitter_misc":{"Estimated reading time":"2 minutes"},"schema":{"@context":"https:\/\/schema.org","@graph":[{"@type":"WebPage","@id":"https:\/\/triflect.ch\/product\/tsunami-im-kopf-burnout-besser-verstehen-und-bewaeltigen-buch\/","url":"https:\/\/triflect.ch\/product\/tsunami-im-kopf-burnout-besser-verstehen-und-bewaeltigen-buch\/","name":"Tsunami im Kopf - Burnout besser verstehen und bew\u00e4ltigen (Springer) | Triflect GmbH","isPartOf":{"@id":"https:\/\/triflect.ch\/#website"},"primaryImageOfPage":{"@id":"https:\/\/triflect.ch\/product\/tsunami-im-kopf-burnout-besser-verstehen-und-bewaeltigen-buch\/#primaryimage"},"image":{"@id":"https:\/\/triflect.ch\/product\/tsunami-im-kopf-burnout-besser-verstehen-und-bewaeltigen-buch\/#primaryimage"},"thumbnailUrl":"https:\/\/triflect.ch\/wp-content\/uploads\/2025\/09\/Tsunami-im-Kopf_Rebecca-Petersen_Springer_Cover.jpeg","datePublished":"2023-10-08T05:25:42+00:00","dateModified":"2025-09-05T05:36:05+00:00","description":"Die Burnout-Erkrankung ist, insbesondere im Schulwesen, nach wie vor ein aktuelles und gesellschaftsrelevantes Thema, \u00fcber das kaum gesprochen wird. Es ist, je nachdem mit viel Scham- und Schuldgef\u00fchlen behaftet. Jeder hat ein eigenes Bild von einer Burnout-Erkrankung - doch entspricht dieses tats\u00e4chlich der Wirklichkeit? Und wenn ja, warum trifft es dann so viele Menschen scheinbar unbemerkt? Diesen Umstand m\u00f6chte die Autorin mit ihrem Buch und den darin enthaltenen Zug\u00e4ngen f\u00fcr Organisationen, Teams, F\u00fchrungskr\u00e4fte, BeraterInnen, aber auch Betroffene und deren Familien und Freunde \u00e4ndern und eine neue Sensibilit\u00e4t f\u00fcr gesellschaftliche Verantwortung schaffen.","breadcrumb":{"@id":"https:\/\/triflect.ch\/product\/tsunami-im-kopf-burnout-besser-verstehen-und-bewaeltigen-buch\/#breadcrumb"},"inLanguage":"en-GB","potentialAction":[{"@type":"ReadAction","target":["https:\/\/triflect.ch\/product\/tsunami-im-kopf-burnout-besser-verstehen-und-bewaeltigen-buch\/"]}]},{"@type":"ImageObject","inLanguage":"en-GB","@id":"https:\/\/triflect.ch\/product\/tsunami-im-kopf-burnout-besser-verstehen-und-bewaeltigen-buch\/#primaryimage","url":"https:\/\/triflect.ch\/wp-content\/uploads\/2025\/09\/Tsunami-im-Kopf_Rebecca-Petersen_Springer_Cover.jpeg","contentUrl":"https:\/\/triflect.ch\/wp-content\/uploads\/2025\/09\/Tsunami-im-Kopf_Rebecca-Petersen_Springer_Cover.jpeg","width":811,"height":863},{"@type":"BreadcrumbList","@id":"https:\/\/triflect.ch\/product\/tsunami-im-kopf-burnout-besser-verstehen-und-bewaeltigen-buch\/#breadcrumb","itemListElement":[{"@type":"ListItem","position":1,"name":"Home","item":"https:\/\/triflect.ch\/"},{"@type":"ListItem","position":2,"name":"Shop","item":"https:\/\/triflect.ch\/shop\/"},{"@type":"ListItem","position":3,"name":"Tsunami im Kopf &#8211; Burnout besser verstehen und bew\u00e4ltigen (Springer)"}]},{"@type":"WebSite","@id":"https:\/\/triflect.ch\/#website","url":"https:\/\/triflect.ch\/","name":"Triflect GmbH","description":"Triflect - Transformative Training, Coaching &amp; Consulting","publisher":{"@id":"https:\/\/triflect.ch\/#organization"},"potentialAction":[{"@type":"SearchAction","target":{"@type":"EntryPoint","urlTemplate":"https:\/\/triflect.ch\/?s={search_term_string}"},"query-input":{"@type":"PropertyValueSpecification","valueRequired":true,"valueName":"search_term_string"}}],"inLanguage":"en-GB"},{"@type":"Organization","@id":"https:\/\/triflect.ch\/#organization","name":"Triflect GmbH I Petersen Coaching Z\u00fcrich","url":"https:\/\/triflect.ch\/","logo":{"@type":"ImageObject","inLanguage":"en-GB","@id":"https:\/\/triflect.ch\/#\/schema\/logo\/image\/","url":"https:\/\/triflect.ch\/wp-content\/uploads\/2020\/07\/Logo.jpg","contentUrl":"https:\/\/triflect.ch\/wp-content\/uploads\/2020\/07\/Logo.jpg","width":260,"height":248,"caption":"Triflect GmbH I Petersen Coaching Z\u00fcrich"},"image":{"@id":"https:\/\/triflect.ch\/#\/schema\/logo\/image\/"},"sameAs":["https:\/\/www.facebook.com\/petersencoaching","https:\/\/www.instagram.com\/triflectpetersencoaching\/","https:\/\/www.linkedin.com\/in\/rebecca-petersen-56aba410b\/"]}]}},"jetpack_sharing_enabled":true,"_links":{"self":[{"href":"https:\/\/triflect.ch\/en\/wp-json\/wp\/v2\/product\/4163","targetHints":{"allow":["GET"]}}],"collection":[{"href":"https:\/\/triflect.ch\/en\/wp-json\/wp\/v2\/product"}],"about":[{"href":"https:\/\/triflect.ch\/en\/wp-json\/wp\/v2\/types\/product"}],"replies":[{"embeddable":true,"href":"https:\/\/triflect.ch\/en\/wp-json\/wp\/v2\/comments?post=4163"}],"wp:featuredmedia":[{"embeddable":true,"href":"https:\/\/triflect.ch\/en\/wp-json\/wp\/v2\/media\/5242"}],"wp:attachment":[{"href":"https:\/\/triflect.ch\/en\/wp-json\/wp\/v2\/media?parent=4163"}],"wp:term":[{"taxonomy":"product_brand","embeddable":true,"href":"https:\/\/triflect.ch\/en\/wp-json\/wp\/v2\/product_brand?post=4163"},{"taxonomy":"product_cat","embeddable":true,"href":"https:\/\/triflect.ch\/en\/wp-json\/wp\/v2\/product_cat?post=4163"},{"taxonomy":"product_tag","embeddable":true,"href":"https:\/\/triflect.ch\/en\/wp-json\/wp\/v2\/product_tag?post=4163"}],"curies":[{"name":"wp","href":"https:\/\/api.w.org\/{rel}","templated":true}]}}