{"id":5248,"date":"2025-09-05T11:30:09","date_gmt":"2025-09-05T11:30:09","guid":{"rendered":"https:\/\/triflect.ch\/?post_type=product&#038;p=5248"},"modified":"2025-09-05T11:34:33","modified_gmt":"2025-09-05T11:34:33","slug":"a-feather-in-the-wind-better-understanding-and-coping-with-burnout-triflect-gmbh","status":"publish","type":"product","link":"https:\/\/triflect.ch\/en\/product\/a-feather-in-the-wind-better-understanding-and-coping-with-burnout-triflect-gmbh\/","title":{"rendered":"A feather in the wind &#8211; A little story about flying (Triflect GmbH)"},"content":{"rendered":"<p>This story is meant to encourage you to finally set out and find and follow your own path! Whether young or old, this story is for everyone who doesn&#8217;t want to give up on their dreams and hopes. Join little Chip on his journey to greater clarity, meaning, freedom and well-being.<\/p>\n<p>The author<\/p>\n<p>Rebecca Petersen is the founder of Triflect GmbH. She has been effectively supporting people in their personal and professional development. Rebecca Petersen is recognised as a systemic coach, supervisor and organisational consultant as well as a psychological counsellor and teaching transactional analyst PTSTA-C in Switzerland. She was also trained by internationally renowned coaches in Los Angeles (USA) and internationally certified as a transformative coach. She supports people in strengthening their autonomy, self-awareness, resilience, mindfulness, inner strength and (self-healing) power.<\/p>\n<span class=\"et_bloom_bottom_trigger\"><\/span>","protected":false},"excerpt":{"rendered":"<p>This book is already available for order on Amazon. You can purchase it as an e-book or in print. In this online shop, you can only obtain the description as a PDF file free of charge, which is also available on other ressources.<br \/>\nHere is the link for ordering from Amazon: <a href=\"https:\/\/www.amazon.de\/feather-wind-little-story-flying\/dp\/3907719042\/ref=sr_1_1?__mk_de_DE=\u00c5M\u00c5\u017d\u00d5\u00d1&amp;crid=H4CONOL7IY2L&amp;dib=eyJ2IjoiMSJ9.MBWxij_pHQNta2XBXcT9PRCkbfAxYhRecRpmH7yBwJjuvUZvLA3ek0uzQBGV4xhTaQ7vewI-iCSMGNyjxkP0WTS660nBx-iVS6AjuI-DPeCSJT7qq8RDBh3r1V7HFmFQ-lF-W6LZZeRS4TJxNpn1CrNpg9WqCEr-7cM34QfKKQUK3YjpCZnix7a8L7KZf3loPwiIQhk_4YwylutRZqhQVe-e6g5g_NYe5q1yJ4DvDoY.LzkpG4xpoq1MNGIlJH69vBzXfHPH8JbbJNcnW2J8w08&amp;dib_tag=se&amp;keywords=feather+in+the+wind+petersen&amp;qid=1757071985&amp;s=books&amp;sprefix=feather+in+the+wind+petersen%2Cstripbooks%2C84&amp;sr=1-1\">Information-Purchase-Pre-order<\/a><\/p>","protected":false},"featured_media":5249,"comment_status":"open","ping_status":"closed","template":"","meta":{"_et_pb_use_builder":"","_et_pb_old_content":"","_et_gb_content_width":"","_monsterinsights_skip_tracking":false,"_monsterinsights_sitenote_active":false,"_monsterinsights_sitenote_note":"","_monsterinsights_sitenote_category":0,"_uf_show_specific_survey":0,"_uf_disable_surveys":false},"product_brand":[],"product_cat":[45,43],"product_tag":[],"class_list":{"0":"post-5248","1":"product","2":"type-product","3":"status-publish","4":"has-post-thumbnail","6":"product_cat-gesundheit-resilienz","7":"product_cat-transaktionsanalyse","9":"first","10":"instock","11":"downloadable","12":"virtual","13":"taxable","14":"purchasable","15":"product-type-simple"},"yoast_head":"<!-- This site is optimized with the Yoast SEO plugin v27.5 - https:\/\/yoast.com\/product\/yoast-seo-wordpress\/ -->\n<title>A feather in the wind - A little story about flying (Triflect GmbH) | Triflect GmbH<\/title>\n<meta name=\"description\" content=\"This story is meant to encourage you to finally set out and find and follow your own path! Whether young or old, this story is for everyone who doesn&#039;t want to give up on their dreams and hopes. Join little Chip on his journey to greater clarity, meaning, freedom and well-being.\" \/>\n<meta name=\"robots\" content=\"index, follow, max-snippet:-1, max-image-preview:large, max-video-preview:-1\" \/>\n<link rel=\"canonical\" href=\"https:\/\/triflect.ch\/en\/product\/a-feather-in-the-wind-better-understanding-and-coping-with-burnout-triflect-gmbh\/\" \/>\n<meta property=\"og:locale\" content=\"en_GB\" \/>\n<meta property=\"og:type\" content=\"article\" \/>\n<meta property=\"og:title\" content=\"A feather in the wind - A little story about flying (Triflect GmbH) | Triflect GmbH\" \/>\n<meta property=\"og:description\" content=\"This story is meant to encourage you to finally set out and find and follow your own path! Whether young or old, this story is for everyone who doesn&#039;t want to give up on their dreams and hopes. Join little Chip on his journey to greater clarity, meaning, freedom and well-being.\" \/>\n<meta property=\"og:url\" content=\"https:\/\/triflect.ch\/en\/product\/a-feather-in-the-wind-better-understanding-and-coping-with-burnout-triflect-gmbh\/\" \/>\n<meta property=\"og:site_name\" content=\"Triflect GmbH\" \/>\n<meta property=\"article:publisher\" content=\"https:\/\/www.facebook.com\/petersencoaching\" \/>\n<meta property=\"article:modified_time\" content=\"2025-09-05T11:34:33+00:00\" \/>\n<meta property=\"og:image\" content=\"https:\/\/triflect.ch\/wp-content\/uploads\/2025\/09\/The-feather-in-the-wind_Rebecca-Petersen.jpg\" \/>\n\t<meta property=\"og:image:width\" content=\"348\" \/>\n\t<meta property=\"og:image:height\" content=\"522\" \/>\n\t<meta property=\"og:image:type\" content=\"image\/jpeg\" \/>\n<meta name=\"twitter:card\" content=\"summary_large_image\" \/>\n<meta name=\"twitter:label1\" content=\"Estimated reading time\" \/>\n\t<meta name=\"twitter:data1\" content=\"1 minute\" \/>\n<script type=\"application\/ld+json\" class=\"yoast-schema-graph\">{\"@context\":\"https:\\\/\\\/schema.org\",\"@graph\":[{\"@type\":\"WebPage\",\"@id\":\"https:\\\/\\\/triflect.ch\\\/product\\\/a-feather-in-the-wind-better-understanding-and-coping-with-burnout-triflect-gmbh\\\/\",\"url\":\"https:\\\/\\\/triflect.ch\\\/product\\\/a-feather-in-the-wind-better-understanding-and-coping-with-burnout-triflect-gmbh\\\/\",\"name\":\"A feather in the wind - A little story about flying (Triflect GmbH) | Triflect GmbH\",\"isPartOf\":{\"@id\":\"https:\\\/\\\/triflect.ch\\\/#website\"},\"primaryImageOfPage\":{\"@id\":\"https:\\\/\\\/triflect.ch\\\/product\\\/a-feather-in-the-wind-better-understanding-and-coping-with-burnout-triflect-gmbh\\\/#primaryimage\"},\"image\":{\"@id\":\"https:\\\/\\\/triflect.ch\\\/product\\\/a-feather-in-the-wind-better-understanding-and-coping-with-burnout-triflect-gmbh\\\/#primaryimage\"},\"thumbnailUrl\":\"https:\\\/\\\/triflect.ch\\\/wp-content\\\/uploads\\\/2025\\\/09\\\/The-feather-in-the-wind_Rebecca-Petersen.jpg\",\"datePublished\":\"2025-09-05T11:30:09+00:00\",\"dateModified\":\"2025-09-05T11:34:33+00:00\",\"description\":\"This story is meant to encourage you to finally set out and find and follow your own path! Whether young or old, this story is for everyone who doesn't want to give up on their dreams and hopes. Join little Chip on his journey to greater clarity, meaning, freedom and well-being.\",\"breadcrumb\":{\"@id\":\"https:\\\/\\\/triflect.ch\\\/product\\\/a-feather-in-the-wind-better-understanding-and-coping-with-burnout-triflect-gmbh\\\/#breadcrumb\"},\"inLanguage\":\"en-GB\",\"potentialAction\":[{\"@type\":\"ReadAction\",\"target\":[\"https:\\\/\\\/triflect.ch\\\/product\\\/a-feather-in-the-wind-better-understanding-and-coping-with-burnout-triflect-gmbh\\\/\"]}]},{\"@type\":\"ImageObject\",\"inLanguage\":\"en-GB\",\"@id\":\"https:\\\/\\\/triflect.ch\\\/product\\\/a-feather-in-the-wind-better-understanding-and-coping-with-burnout-triflect-gmbh\\\/#primaryimage\",\"url\":\"https:\\\/\\\/triflect.ch\\\/wp-content\\\/uploads\\\/2025\\\/09\\\/The-feather-in-the-wind_Rebecca-Petersen.jpg\",\"contentUrl\":\"https:\\\/\\\/triflect.ch\\\/wp-content\\\/uploads\\\/2025\\\/09\\\/The-feather-in-the-wind_Rebecca-Petersen.jpg\",\"width\":348,\"height\":522},{\"@type\":\"BreadcrumbList\",\"@id\":\"https:\\\/\\\/triflect.ch\\\/product\\\/a-feather-in-the-wind-better-understanding-and-coping-with-burnout-triflect-gmbh\\\/#breadcrumb\",\"itemListElement\":[{\"@type\":\"ListItem\",\"position\":1,\"name\":\"Home\",\"item\":\"https:\\\/\\\/triflect.ch\\\/\"},{\"@type\":\"ListItem\",\"position\":2,\"name\":\"Shop\",\"item\":\"https:\\\/\\\/triflect.ch\\\/shop\\\/\"},{\"@type\":\"ListItem\",\"position\":3,\"name\":\"A feather in the wind &#8211; A little story about flying (Triflect GmbH)\"}]},{\"@type\":\"WebSite\",\"@id\":\"https:\\\/\\\/triflect.ch\\\/#website\",\"url\":\"https:\\\/\\\/triflect.ch\\\/\",\"name\":\"Triflect GmbH\",\"description\":\"Triflect - Transformative Training, Coaching &amp; Consulting\",\"publisher\":{\"@id\":\"https:\\\/\\\/triflect.ch\\\/#organization\"},\"potentialAction\":[{\"@type\":\"SearchAction\",\"target\":{\"@type\":\"EntryPoint\",\"urlTemplate\":\"https:\\\/\\\/triflect.ch\\\/?s={search_term_string}\"},\"query-input\":{\"@type\":\"PropertyValueSpecification\",\"valueRequired\":true,\"valueName\":\"search_term_string\"}}],\"inLanguage\":\"en-GB\"},{\"@type\":\"Organization\",\"@id\":\"https:\\\/\\\/triflect.ch\\\/#organization\",\"name\":\"Triflect GmbH I Petersen Coaching Z\u00fcrich\",\"url\":\"https:\\\/\\\/triflect.ch\\\/\",\"logo\":{\"@type\":\"ImageObject\",\"inLanguage\":\"en-GB\",\"@id\":\"https:\\\/\\\/triflect.ch\\\/#\\\/schema\\\/logo\\\/image\\\/\",\"url\":\"https:\\\/\\\/triflect.ch\\\/wp-content\\\/uploads\\\/2020\\\/07\\\/Logo.jpg\",\"contentUrl\":\"https:\\\/\\\/triflect.ch\\\/wp-content\\\/uploads\\\/2020\\\/07\\\/Logo.jpg\",\"width\":260,\"height\":248,\"caption\":\"Triflect GmbH I Petersen Coaching Z\u00fcrich\"},\"image\":{\"@id\":\"https:\\\/\\\/triflect.ch\\\/#\\\/schema\\\/logo\\\/image\\\/\"},\"sameAs\":[\"https:\\\/\\\/www.facebook.com\\\/petersencoaching\",\"https:\\\/\\\/www.instagram.com\\\/triflectpetersencoaching\\\/\",\"https:\\\/\\\/www.linkedin.com\\\/in\\\/rebecca-petersen-56aba410b\\\/\"]}]}<\/script>\n<!-- \/ Yoast SEO plugin. -->","yoast_head_json":{"title":"A feather in the wind - A little story about flying (Triflect GmbH) | Triflect GmbH","description":"This story is meant to encourage you to finally set out and find and follow your own path! Whether young or old, this story is for everyone who doesn't want to give up on their dreams and hopes. Join little Chip on his journey to greater clarity, meaning, freedom and well-being.","robots":{"index":"index","follow":"follow","max-snippet":"max-snippet:-1","max-image-preview":"max-image-preview:large","max-video-preview":"max-video-preview:-1"},"canonical":"https:\/\/triflect.ch\/en\/product\/a-feather-in-the-wind-better-understanding-and-coping-with-burnout-triflect-gmbh\/","og_locale":"en_GB","og_type":"article","og_title":"A feather in the wind - A little story about flying (Triflect GmbH) | Triflect GmbH","og_description":"This story is meant to encourage you to finally set out and find and follow your own path! Whether young or old, this story is for everyone who doesn't want to give up on their dreams and hopes. Join little Chip on his journey to greater clarity, meaning, freedom and well-being.","og_url":"https:\/\/triflect.ch\/en\/product\/a-feather-in-the-wind-better-understanding-and-coping-with-burnout-triflect-gmbh\/","og_site_name":"Triflect GmbH","article_publisher":"https:\/\/www.facebook.com\/petersencoaching","article_modified_time":"2025-09-05T11:34:33+00:00","og_image":[{"width":348,"height":522,"url":"https:\/\/triflect.ch\/wp-content\/uploads\/2025\/09\/The-feather-in-the-wind_Rebecca-Petersen.jpg","type":"image\/jpeg"}],"twitter_card":"summary_large_image","twitter_misc":{"Estimated reading time":"1 minute"},"schema":{"@context":"https:\/\/schema.org","@graph":[{"@type":"WebPage","@id":"https:\/\/triflect.ch\/product\/a-feather-in-the-wind-better-understanding-and-coping-with-burnout-triflect-gmbh\/","url":"https:\/\/triflect.ch\/product\/a-feather-in-the-wind-better-understanding-and-coping-with-burnout-triflect-gmbh\/","name":"A feather in the wind - A little story about flying (Triflect GmbH) | Triflect GmbH","isPartOf":{"@id":"https:\/\/triflect.ch\/#website"},"primaryImageOfPage":{"@id":"https:\/\/triflect.ch\/product\/a-feather-in-the-wind-better-understanding-and-coping-with-burnout-triflect-gmbh\/#primaryimage"},"image":{"@id":"https:\/\/triflect.ch\/product\/a-feather-in-the-wind-better-understanding-and-coping-with-burnout-triflect-gmbh\/#primaryimage"},"thumbnailUrl":"https:\/\/triflect.ch\/wp-content\/uploads\/2025\/09\/The-feather-in-the-wind_Rebecca-Petersen.jpg","datePublished":"2025-09-05T11:30:09+00:00","dateModified":"2025-09-05T11:34:33+00:00","description":"This story is meant to encourage you to finally set out and find and follow your own path! Whether young or old, this story is for everyone who doesn't want to give up on their dreams and hopes. Join little Chip on his journey to greater clarity, meaning, freedom and well-being.","breadcrumb":{"@id":"https:\/\/triflect.ch\/product\/a-feather-in-the-wind-better-understanding-and-coping-with-burnout-triflect-gmbh\/#breadcrumb"},"inLanguage":"en-GB","potentialAction":[{"@type":"ReadAction","target":["https:\/\/triflect.ch\/product\/a-feather-in-the-wind-better-understanding-and-coping-with-burnout-triflect-gmbh\/"]}]},{"@type":"ImageObject","inLanguage":"en-GB","@id":"https:\/\/triflect.ch\/product\/a-feather-in-the-wind-better-understanding-and-coping-with-burnout-triflect-gmbh\/#primaryimage","url":"https:\/\/triflect.ch\/wp-content\/uploads\/2025\/09\/The-feather-in-the-wind_Rebecca-Petersen.jpg","contentUrl":"https:\/\/triflect.ch\/wp-content\/uploads\/2025\/09\/The-feather-in-the-wind_Rebecca-Petersen.jpg","width":348,"height":522},{"@type":"BreadcrumbList","@id":"https:\/\/triflect.ch\/product\/a-feather-in-the-wind-better-understanding-and-coping-with-burnout-triflect-gmbh\/#breadcrumb","itemListElement":[{"@type":"ListItem","position":1,"name":"Home","item":"https:\/\/triflect.ch\/"},{"@type":"ListItem","position":2,"name":"Shop","item":"https:\/\/triflect.ch\/shop\/"},{"@type":"ListItem","position":3,"name":"A feather in the wind &#8211; A little story about flying (Triflect GmbH)"}]},{"@type":"WebSite","@id":"https:\/\/triflect.ch\/#website","url":"https:\/\/triflect.ch\/","name":"Triflect GmbH","description":"Triflect - Transformative Training, Coaching &amp; Consulting","publisher":{"@id":"https:\/\/triflect.ch\/#organization"},"potentialAction":[{"@type":"SearchAction","target":{"@type":"EntryPoint","urlTemplate":"https:\/\/triflect.ch\/?s={search_term_string}"},"query-input":{"@type":"PropertyValueSpecification","valueRequired":true,"valueName":"search_term_string"}}],"inLanguage":"en-GB"},{"@type":"Organization","@id":"https:\/\/triflect.ch\/#organization","name":"Triflect GmbH I Petersen Coaching Z\u00fcrich","url":"https:\/\/triflect.ch\/","logo":{"@type":"ImageObject","inLanguage":"en-GB","@id":"https:\/\/triflect.ch\/#\/schema\/logo\/image\/","url":"https:\/\/triflect.ch\/wp-content\/uploads\/2020\/07\/Logo.jpg","contentUrl":"https:\/\/triflect.ch\/wp-content\/uploads\/2020\/07\/Logo.jpg","width":260,"height":248,"caption":"Triflect GmbH I Petersen Coaching Z\u00fcrich"},"image":{"@id":"https:\/\/triflect.ch\/#\/schema\/logo\/image\/"},"sameAs":["https:\/\/www.facebook.com\/petersencoaching","https:\/\/www.instagram.com\/triflectpetersencoaching\/","https:\/\/www.linkedin.com\/in\/rebecca-petersen-56aba410b\/"]}]}},"jetpack_sharing_enabled":true,"_links":{"self":[{"href":"https:\/\/triflect.ch\/en\/wp-json\/wp\/v2\/product\/5248","targetHints":{"allow":["GET"]}}],"collection":[{"href":"https:\/\/triflect.ch\/en\/wp-json\/wp\/v2\/product"}],"about":[{"href":"https:\/\/triflect.ch\/en\/wp-json\/wp\/v2\/types\/product"}],"replies":[{"embeddable":true,"href":"https:\/\/triflect.ch\/en\/wp-json\/wp\/v2\/comments?post=5248"}],"wp:featuredmedia":[{"embeddable":true,"href":"https:\/\/triflect.ch\/en\/wp-json\/wp\/v2\/media\/5249"}],"wp:attachment":[{"href":"https:\/\/triflect.ch\/en\/wp-json\/wp\/v2\/media?parent=5248"}],"wp:term":[{"taxonomy":"product_brand","embeddable":true,"href":"https:\/\/triflect.ch\/en\/wp-json\/wp\/v2\/product_brand?post=5248"},{"taxonomy":"product_cat","embeddable":true,"href":"https:\/\/triflect.ch\/en\/wp-json\/wp\/v2\/product_cat?post=5248"},{"taxonomy":"product_tag","embeddable":true,"href":"https:\/\/triflect.ch\/en\/wp-json\/wp\/v2\/product_tag?post=5248"}],"curies":[{"name":"wp","href":"https:\/\/api.w.org\/{rel}","templated":true}]}}